{"id":15,"date":"2016-12-10T16:44:34","date_gmt":"2016-12-10T16:44:34","guid":{"rendered":"http:\/\/waste-art.eu\/?page_id=15"},"modified":"2021-11-07T14:36:20","modified_gmt":"2021-11-07T14:36:20","slug":"ueber-mich","status":"publish","type":"page","link":"https:\/\/waste-art.eu\/?page_id=15","title":{"rendered":"\u00dcber mich"},"content":{"rendered":"<p align=\"left\">Was gibt es alles f\u00fcr wunderbare Dinge, die leider wenig Beachtung finden<\/p>\n<p>\u00dcber Jahre hinweg sind und waren Wassert\u00fcrme mein spezielles Anliegen und mit Gleichgesinnten gr\u00fcndete ich im Jahre 2002 die Deutsch Internationale Wasserturm Gesellschaft 2002 e.V.. Seitdem ist mein Interesse an anderen Turmarten und deren Geschichte noch gewachsen. Den Schwerpunkt aber bilden die Umsetzung von <a href=\"http:\/\/tower-visions.eu\/umgebaute-wassertuerme-2\/\"><em><span style=\"color: #3366ff;\">Visionen in Neu- und Umnutzung von Wassert\u00fcrmen.<\/span><\/em><\/a><\/p>\n<p>Neben den Wasser &#8211; T\u00fcrmen geh\u00f6ren auch die experimentelle Fotografie, besonders mit Wegwerfmaterialien und das Bergsteigen zu meinen langj\u00e4hrigen Interessen.<br \/>\nErfreuen Sie sich an meinen Seiten und genie\u00dfen Sie die Vielfalt.<\/p>\n<p>Viel Spa\u00df<br \/>\nWerner Langels<\/p>\n<p><img loading=\"lazy\" decoding=\"async\" class=\"alignnone size-full wp-image-92\" src=\"http:\/\/waste-art.eu\/wp-content\/uploads\/2016\/12\/Werner-kl.jpg\" alt=\"\" width=\"83\" height=\"111\" \/><\/p>\n","protected":false},"excerpt":{"rendered":"<p>Was gibt es alles f\u00fcr wunderbare Dinge, die leider wenig Beachtung finden \u00dcber Jahre hinweg sind und waren Wassert\u00fcrme mein spezielles Anliegen und mit Gleichgesinnten gr\u00fcndete ich im Jahre 2002 die Deutsch Internationale Wasserturm Gesellschaft 2002 e.V.. Seitdem ist mein Interesse an anderen Turmarten und deren Geschichte noch gewachsen. Den Schwerpunkt aber bilden die Umsetzung &hellip; <\/p>\n<p class=\"link-more\"><a href=\"https:\/\/waste-art.eu\/?page_id=15\" class=\"more-link\"><span class=\"screen-reader-text\">\u201e\u00dcber mich\u201c <\/span>weiterlesen<\/a><\/p>\n","protected":false},"author":1,"featured_media":0,"parent":186,"menu_order":50,"comment_status":"closed","ping_status":"closed","template":"","meta":{"footnotes":""},"class_list":["post-15","page","type-page","status-publish","hentry"],"_links":{"self":[{"href":"https:\/\/waste-art.eu\/index.php?rest_route=\/wp\/v2\/pages\/15","targetHints":{"allow":["GET"]}}],"collection":[{"href":"https:\/\/waste-art.eu\/index.php?rest_route=\/wp\/v2\/pages"}],"about":[{"href":"https:\/\/waste-art.eu\/index.php?rest_route=\/wp\/v2\/types\/page"}],"author":[{"embeddable":true,"href":"https:\/\/waste-art.eu\/index.php?rest_route=\/wp\/v2\/users\/1"}],"replies":[{"embeddable":true,"href":"https:\/\/waste-art.eu\/index.php?rest_route=%2Fwp%2Fv2%2Fcomments&post=15"}],"version-history":[{"count":10,"href":"https:\/\/waste-art.eu\/index.php?rest_route=\/wp\/v2\/pages\/15\/revisions"}],"predecessor-version":[{"id":880,"href":"https:\/\/waste-art.eu\/index.php?rest_route=\/wp\/v2\/pages\/15\/revisions\/880"}],"up":[{"embeddable":true,"href":"https:\/\/waste-art.eu\/index.php?rest_route=\/wp\/v2\/pages\/186"}],"wp:attachment":[{"href":"https:\/\/waste-art.eu\/index.php?rest_route=%2Fwp%2Fv2%2Fmedia&parent=15"}],"curies":[{"name":"wp","href":"https:\/\/api.w.org\/{rel}","templated":true}]}}